{"id":4,"date":"2017-06-21T08:06:51","date_gmt":"2017-06-21T08:06:51","guid":{"rendered":"https:\/\/zahnarztpraxis-thum.de\/?page_id=4"},"modified":"2026-03-12T21:12:37","modified_gmt":"2026-03-12T21:12:37","slug":"startseite","status":"publish","type":"page","link":"https:\/\/zahnarztpraxis-thum.de\/","title":{"rendered":"Startseite"},"content":{"rendered":"<div id=\"pl-4\"  class=\"panel-layout\" ><div id=\"pg-4-0\"  class=\"panel-grid panel-no-style\" ><div id=\"pgc-4-0-0\"  class=\"panel-grid-cell\" ><div id=\"panel-4-0-0-0\" class=\"so-panel widget widget_siteorigin-panels-builder panel-first-child panel-last-child\" data-index=\"0\" ><div id=\"pl-w69b32c3f8112d\"  class=\"panel-layout\" ><div id=\"pg-w69b32c3f8112d-0\"  class=\"panel-grid panel-no-style\" ><div id=\"pgc-w69b32c3f8112d-0-0\"  class=\"panel-grid-cell\" ><div id=\"panel-w69b32c3f8112d-0-0-0\" class=\"so-panel widget widget_sow-slider panel-first-child\" data-index=\"0\" ><div\n\t\t\t\n\t\t\tclass=\"so-widget-sow-slider so-widget-sow-slider-default-6d39609536fd\"\n\t\t\t\n\t\t>\t\t\t\t<div class=\"sow-slider-base\" style=\"display: none\" tabindex=\"0\">\n\t\t\t\t\t<ul\n\t\t\t\t\tclass=\"sow-slider-images\"\n\t\t\t\t\tdata-settings=\"{&quot;pagination&quot;:true,&quot;speed&quot;:800,&quot;timeout&quot;:3000,&quot;paused&quot;:false,&quot;pause_on_hover&quot;:false,&quot;swipe&quot;:true,&quot;nav_always_show_desktop&quot;:&quot;&quot;,&quot;nav_always_show_mobile&quot;:&quot;&quot;,&quot;breakpoint&quot;:&quot;780px&quot;,&quot;unmute&quot;:false,&quot;anchor&quot;:null}\"\n\t\t\t\t\t\t\t\t\t\tdata-anchor-id=\"\"\n\t\t\t\t>\t\t<li class=\"sow-slider-image\" style=\"visibility: visible;\" >\n\t\t\t\t\t\t<img loading=\"lazy\" decoding=\"async\" width=\"1819\" height=\"289\" src=\"https:\/\/zahnarztpraxis-thum.de\/wp-content\/uploads\/2017\/06\/HeaderbildTabsi_dunkel.png\" class=\"sow-slider-background-image\" alt=\"\" style=\"\" srcset=\"https:\/\/zahnarztpraxis-thum.de\/wp-content\/uploads\/2017\/06\/HeaderbildTabsi_dunkel.png 1819w, https:\/\/zahnarztpraxis-thum.de\/wp-content\/uploads\/2017\/06\/HeaderbildTabsi_dunkel-300x48.png 300w, https:\/\/zahnarztpraxis-thum.de\/wp-content\/uploads\/2017\/06\/HeaderbildTabsi_dunkel-768x122.png 768w, https:\/\/zahnarztpraxis-thum.de\/wp-content\/uploads\/2017\/06\/HeaderbildTabsi_dunkel-1024x163.png 1024w\" sizes=\"auto, (max-width: 1819px) 100vw, 1819px\" \/>\t\t<\/li>\n\t\t<\/ul>\t\t\t\t<ol class=\"sow-slider-pagination\">\n\t\t\t\t\t\t\t\t\t\t\t<li><a href=\"#\" data-goto=\"0\" aria-label=\"Display slide 1\"><\/a><\/li>\n\t\t\t\t\t\t\t\t\t<\/ol>\n\n\t\t\t\t<div class=\"sow-slide-nav sow-slide-nav-next\">\n\t\t\t\t\t<a href=\"#\" data-goto=\"next\" aria-label=\"Next slide\" data-action=\"next\">\n\t\t\t\t\t\t<em class=\"sow-sld-icon-thin-right\"><\/em>\n\t\t\t\t\t<\/a>\n\t\t\t\t<\/div>\n\n\t\t\t\t<div class=\"sow-slide-nav sow-slide-nav-prev\">\n\t\t\t\t\t<a href=\"#\" data-goto=\"previous\" aria-label=\"Previous slide\" data-action=\"prev\">\n\t\t\t\t\t\t<em class=\"sow-sld-icon-thin-left\"><\/em>\n\t\t\t\t\t<\/a>\n\t\t\t\t<\/div>\n\t\t\t\t<\/div><\/div><\/div><div id=\"panel-w69b32c3f8112d-0-0-1\" class=\"so-panel widget widget_sow-editor panel-last-child\" data-index=\"1\" ><div class=\"panel-widget-style panel-widget-style-for-w69b32c3f8112d-0-0-1\" ><div\n\t\t\t\n\t\t\tclass=\"so-widget-sow-editor so-widget-sow-editor-base\"\n\t\t\t\n\t\t>\n<div class=\"siteorigin-widget-tinymce textwidget\">\n\t<p style=\"text-align: center;\">Start \u00a0\u00a0 | \u00a0\u00a0 <a href=\"https:\/\/zahnarztpraxis-thum.de\/?page_id=190\">Wer wir sind<\/a> \u00a0\u00a0 | \u00a0 \u00a0 <a href=\"https:\/\/zahnarztpraxis-thum.de\/?page_id=14\">Wo wir sind<\/a>\u00a0\u00a0\u00a0\u00a0 |\u00a0\u00a0\u00a0\u00a0 <a href=\"https:\/\/zahnarztpraxis-thum.de\/?page_id=332\">Kontakt<\/a><\/p>\n<\/div>\n<\/div><\/div><\/div><\/div><\/div><div id=\"pg-w69b32c3f8112d-1\"  class=\"panel-grid panel-no-style\" ><div id=\"pgc-w69b32c3f8112d-1-0\"  class=\"panel-grid-cell\" ><div id=\"panel-w69b32c3f8112d-1-0-0\" class=\"so-panel widget widget_sow-editor panel-first-child\" data-index=\"2\" ><div\n\t\t\t\n\t\t\tclass=\"so-widget-sow-editor so-widget-sow-editor-base\"\n\t\t\t\n\t\t>\n<div class=\"siteorigin-widget-tinymce textwidget\">\n\t<h4><span style=\"font-size: 14pt;\"><strong><span style=\"font-family: times new roman,times,serif;\">Willkommen und ein herzliches Gr\u00fc\u00df Go<\/span><span style=\"font-family: times new roman,times,serif;\">tt!<\/span><\/strong><\/span><\/h4>\n<p>Wir legen gro\u00dfen Wert darauf, jede Behandlung in einer angenehmen Atmosph\u00e4re, entspannt und schmerzfrei durchf\u00fchren zu k\u00f6nnen. Der erste Schritt hierzu ist eine ausf\u00fchrliche Untersuchung und Beratung in unserer Praxis.<\/p>\n<p>Unsere Behandlungen erfolgen nach dem wissenschaftlichen Erkenntnisstand mit moderner Technik und das alles erst nach umfassender und verst\u00e4ndlicher Aufkl\u00e4rung und nat\u00fcrlich einer eindeutigen Kostentransparenz.<\/p>\n<p>Unser Ziel ist es, dass sich unsere Patienten gut aufgehoben f\u00fchlen, zufrieden nach der Behandlung die Praxis verlassen, gern wieder kommen und unser engagiertes Team ihren Freunden und Bekannten empfehlen.<\/p>\n<p><img loading=\"lazy\" decoding=\"async\" class=\"size-medium wp-image-309 aligncenter\" src=\"https:\/\/zahnarztpraxis-thum.de\/wp-content\/uploads\/2017\/06\/Marta-1-300x200.png\" alt=\"\" width=\"300\" height=\"200\" srcset=\"https:\/\/zahnarztpraxis-thum.de\/wp-content\/uploads\/2017\/06\/Marta-1-300x200.png 300w, https:\/\/zahnarztpraxis-thum.de\/wp-content\/uploads\/2017\/06\/Marta-1-768x511.png 768w, https:\/\/zahnarztpraxis-thum.de\/wp-content\/uploads\/2017\/06\/Marta-1-840x560.png 840w, https:\/\/zahnarztpraxis-thum.de\/wp-content\/uploads\/2017\/06\/Marta-1-272x182.png 272w, https:\/\/zahnarztpraxis-thum.de\/wp-content\/uploads\/2017\/06\/Marta-1.png 1000w\" sizes=\"auto, (max-width: 300px) 100vw, 300px\" \/><\/p>\n<p>Den <strong><em>Zahn\u00e4ztlichen Notdienst Bayerns<\/em><\/strong> finden Sie hier: <a href=\"https:\/\/www.notdienst-zahn.de\"><em>notdienst-zahn.de<\/em><\/a><\/p>\n<\/div>\n<\/div><\/div><div id=\"panel-w69b32c3f8112d-1-0-1\" class=\"so-panel widget widget_sow-cta panel-last-child\" data-index=\"3\" ><div\n\t\t\t\n\t\t\tclass=\"so-widget-sow-cta so-widget-sow-cta-default-b7a5aca06aca\"\n\t\t\t\n\t\t><div\n\tclass=\"sow-cta-base\"\n\t>\n\t\n\t<div class=\"sow-cta-wrapper\">\n\n\t\t<div class=\"sow-cta-text\">\n\t\t\t\n\t\t\t\t\t<\/div>\n\n\t\t<div\n\t\t\t\n\t\t\tclass=\"so-widget-sow-button so-widget-sow-button-flat-66466acb9e12\"\n\t\t\t\n\t\t><div class=\"ow-button-base ow-button-align-center\"\n>\n\t\t\t<a\n\t\t\t\t\thref=\"https:\/\/termin.teemer.de\/calendar\/B2E3B42C200A432483D8EED1B5A3E322\"\n\t\t\t\t\tclass=\"sowb-button ow-icon-placement-left ow-button-hover\" target=\"_blank\" rel=\"noopener noreferrer\" \t>\n\t\t<span>\n\t\t\t\n\t\t\tJetzt Termin buchen!\t\t<\/span>\n\t\t\t<\/a>\n\t<\/div>\n<\/div>\n\t<\/div>\n\n\t<\/div>\n<\/div><\/div><\/div><div id=\"pgc-w69b32c3f8112d-1-1\"  class=\"panel-grid-cell\" ><div id=\"panel-w69b32c3f8112d-1-1-0\" class=\"so-panel widget widget_sow-editor panel-first-child panel-last-child\" data-index=\"4\" ><div class=\"panel-widget-style panel-widget-style-for-w69b32c3f8112d-1-1-0\" ><div\n\t\t\t\n\t\t\tclass=\"so-widget-sow-editor so-widget-sow-editor-base\"\n\t\t\t\n\t\t>\n<div class=\"siteorigin-widget-tinymce textwidget\">\n\t<p style=\"text-align: right;\"><strong>\u00d6ffnungszeiten:<\/strong><\/p>\n<p style=\"text-align: right;\">Montag: 7:00 \u2013 15:30<br \/>\nDienstag: 7:00 \u2013 16:30<br \/>\nMittwoch: 7:00 \u2013 11:00<br \/>\nDonnerstag: 7:00 \u2013 15:30<br \/>\nFreitag: 7:00 \u2013 11:00<\/p>\n<p>&nbsp;<\/p>\n<p style=\"text-align: right;\"><strong>Kontakt:<\/strong><\/p>\n<p style=\"text-align: right;\">Telefon: 08171 \/ 555 - 0<\/p>\n<p style=\"text-align: right;\">eMail: <a href=\"mailto:info@zahnarztpraxis-thum.de\">info@zahnarztpraxis-thum.de<\/a><\/p>\n<p>&nbsp;<\/p>\n<p style=\"text-align: right;\"><strong>Adresse:<\/strong><\/p>\n<p style=\"text-align: right;\">Richard-Wagner-Str. 1<\/p>\n<p style=\"text-align: right;\">82538 Geretsried<\/p>\n<p>&nbsp;<\/p>\n<p style=\"text-align: right;\"><strong>alle Kassen und Privat<\/strong><\/p>\n<p>&nbsp;<\/p>\n<p style=\"text-align: right;\"><strong>barrierefreie Zahnarztpraxis<\/strong><\/p>\n<\/div>\n<\/div><\/div><\/div><\/div><\/div><div id=\"pg-w69b32c3f8112d-2\"  class=\"panel-grid panel-no-style\" ><div id=\"pgc-w69b32c3f8112d-2-0\"  class=\"panel-grid-cell\" ><div id=\"panel-w69b32c3f8112d-2-0-0\" class=\"so-panel widget widget_sow-hero panel-first-child\" data-index=\"5\" ><div\n\t\t\t\n\t\t\tclass=\"so-widget-sow-hero so-widget-sow-hero-default-9cb816c398d5\"\n\t\t\t\n\t\t>\t\t\t\t<div class=\"sow-slider-base\" style=\"display: none\" tabindex=\"0\">\n\t\t\t\t\t<ul\n\t\t\t\t\tclass=\"sow-slider-images\"\n\t\t\t\t\tdata-settings=\"{&quot;pagination&quot;:true,&quot;speed&quot;:50,&quot;timeout&quot;:8000,&quot;paused&quot;:false,&quot;pause_on_hover&quot;:false,&quot;swipe&quot;:true,&quot;nav_always_show_desktop&quot;:&quot;&quot;,&quot;nav_always_show_mobile&quot;:&quot;&quot;,&quot;breakpoint&quot;:&quot;780px&quot;,&quot;unmute&quot;:false,&quot;anchor&quot;:null}\"\n\t\t\t\t\tstyle=\"min-height: 25px\"\t\t\t\t\tdata-anchor-id=\"\"\n\t\t\t\t>\t\t<li class=\"sow-slider-image\" style=\"visibility: visible;;background-color: #333333\" >\n\t\t\t\t\t<div class=\"sow-slider-image-container\">\n\t\t\t<div class=\"sow-slider-image-wrapper\">\n\t\t\t\t<p>--- Aktuell gibt es nix Neues\u00a0 ---<\/p>\n\t\t\t<\/div>\n\t\t<\/div>\n\t\t\t\t<\/li>\n\t\t\t\t<li class=\"sow-slider-image\" style=\"visibility: hidden;;background-color: #333333\" >\n\t\t\t\t\t<div class=\"sow-slider-image-container\">\n\t\t\t<div class=\"sow-slider-image-wrapper\">\n\t\t\t\t<p>--- ... noch immer nix. ---<\/p>\n\t\t\t<\/div>\n\t\t<\/div>\n\t\t\t\t<\/li>\n\t\t<\/ul>\t\t\t\t<ol class=\"sow-slider-pagination\">\n\t\t\t\t\t\t\t\t\t\t\t<li><a href=\"#\" data-goto=\"0\" aria-label=\"Display slide 1\"><\/a><\/li>\n\t\t\t\t\t\t\t\t\t\t\t<li><a href=\"#\" data-goto=\"1\" aria-label=\"Display slide 2\"><\/a><\/li>\n\t\t\t\t\t\t\t\t\t<\/ol>\n\n\t\t\t\t<div class=\"sow-slide-nav sow-slide-nav-next\">\n\t\t\t\t\t<a href=\"#\" data-goto=\"next\" aria-label=\"Next slide\" data-action=\"next\">\n\t\t\t\t\t\t<em class=\"sow-sld-icon-thin-right\"><\/em>\n\t\t\t\t\t<\/a>\n\t\t\t\t<\/div>\n\n\t\t\t\t<div class=\"sow-slide-nav sow-slide-nav-prev\">\n\t\t\t\t\t<a href=\"#\" data-goto=\"previous\" aria-label=\"Previous slide\" data-action=\"prev\">\n\t\t\t\t\t\t<em class=\"sow-sld-icon-thin-left\"><\/em>\n\t\t\t\t\t<\/a>\n\t\t\t\t<\/div>\n\t\t\t\t<\/div><\/div><\/div><div id=\"panel-w69b32c3f8112d-2-0-1\" class=\"so-panel widget widget_sow-editor panel-last-child\" data-index=\"6\" ><div class=\"panel-widget-style panel-widget-style-for-w69b32c3f8112d-2-0-1\" ><div\n\t\t\t\n\t\t\tclass=\"so-widget-sow-editor so-widget-sow-editor-base\"\n\t\t\t\n\t\t>\n<div class=\"siteorigin-widget-tinymce textwidget\">\n\t<p style=\"text-align: right;\">Start |<a href=\"https:\/\/zahnarztpraxis-thum.de\/?page_id=8\">\u00a0Impressum <\/a>| <a href=\"https:\/\/zahnarztpraxis-thum.de\/?page_id=128\">Haftungsausschluss <\/a>| <a href=\"https:\/\/zahnarztpraxis-thum.de\/?page_id=403\">Datenschutzerkl\u00e4rung<\/a><\/p>\n<\/div>\n<\/div><\/div><\/div><\/div><\/div><\/div><\/div><\/div><\/div><\/div>","protected":false},"excerpt":{"rendered":"<p>Start \u00a0\u00a0 | \u00a0\u00a0 Wer wir sind \u00a0\u00a0 | \u00a0 \u00a0 Wo wir sind\u00a0\u00a0\u00a0\u00a0 |\u00a0\u00a0\u00a0\u00a0 Kontakt Willkommen und ein herzliches Gr\u00fc\u00df Gott! Wir legen gro\u00dfen Wert darauf, jede Behandlung in einer angenehmen Atmosph\u00e4re, entspannt und schmerzfrei durchf\u00fchren zu k\u00f6nnen. Der erste Schritt hierzu ist eine ausf\u00fchrliche Untersuchung und Beratung in unserer Praxis. Unsere Behandlungen erfolgen [&hellip;]<\/p>\n","protected":false},"author":1,"featured_media":0,"parent":0,"menu_order":0,"comment_status":"closed","ping_status":"closed","template":"","meta":{"footnotes":""},"class_list":["post-4","page","type-page","status-publish","hentry"],"_links":{"self":[{"href":"https:\/\/zahnarztpraxis-thum.de\/index.php?rest_route=\/wp\/v2\/pages\/4","targetHints":{"allow":["GET"]}}],"collection":[{"href":"https:\/\/zahnarztpraxis-thum.de\/index.php?rest_route=\/wp\/v2\/pages"}],"about":[{"href":"https:\/\/zahnarztpraxis-thum.de\/index.php?rest_route=\/wp\/v2\/types\/page"}],"author":[{"embeddable":true,"href":"https:\/\/zahnarztpraxis-thum.de\/index.php?rest_route=\/wp\/v2\/users\/1"}],"replies":[{"embeddable":true,"href":"https:\/\/zahnarztpraxis-thum.de\/index.php?rest_route=%2Fwp%2Fv2%2Fcomments&post=4"}],"version-history":[{"count":181,"href":"https:\/\/zahnarztpraxis-thum.de\/index.php?rest_route=\/wp\/v2\/pages\/4\/revisions"}],"predecessor-version":[{"id":591,"href":"https:\/\/zahnarztpraxis-thum.de\/index.php?rest_route=\/wp\/v2\/pages\/4\/revisions\/591"}],"wp:attachment":[{"href":"https:\/\/zahnarztpraxis-thum.de\/index.php?rest_route=%2Fwp%2Fv2%2Fmedia&parent=4"}],"curies":[{"name":"wp","href":"https:\/\/api.w.org\/{rel}","templated":true}]}}